{"id":44,"date":"2010-10-11T08:54:28","date_gmt":"2010-10-11T08:54:28","guid":{"rendered":"http:\/\/www.m-d-s.de\/testberichte\/"},"modified":"2010-10-11T08:54:28","modified_gmt":"2010-10-11T08:54:28","slug":"ihre-produkte","status":"publish","type":"page","link":"http:\/\/www.m-d-s.de\/testberichte\/ihre-produkte","title":{"rendered":"Ihre Produkte"},"content":{"rendered":"<p>TestberichteBlog ist ein Idealer Blog f\u00fcr Produkte jeglicher Art, um Sie bekannt zu machen oder um Ihre Bekanntheit zu st\u00e4rken.<\/p>\n<p>Wir bieten Ihnen hier eine M\u00f6glichkeit auf Ihr Produkt, Marke oder Shop hinzuweisen und dies zu testen. Wenn Sie Interesse an einem Bericht haben, dann nehmen Sie einfach mit uns Kontakt auf und wir k\u00f6nnen Ihnen die M\u00f6glichkeiten erkl\u00e4ren.<\/p>\n<p>Durch unsere anderen Blog\u00b4s haben wir schon einige sch\u00f6ne Artikel f\u00fcr unsere Leser schmackhaft gemacht und schon einige Kunden \/ Agenturen gefunden die mit uns Zusammen arbeiten. Die M\u00f6glichkeiten sind enorm und wir haben bestimmt auch das passende f\u00fcr Sie dabei.<\/p>\n<p>Lassen Sie uns einfach dar\u00fcber reden und nehmen Sie Kontakt mit uns auf.<\/p>\n","protected":false},"excerpt":{"rendered":"<p>TestberichteBlog ist ein Idealer Blog f\u00fcr Produkte jeglicher Art, um Sie bekannt zu machen oder um Ihre Bekanntheit zu st\u00e4rken. Wir bieten Ihnen hier eine M\u00f6glichkeit auf Ihr Produkt, Marke oder Shop hinzuweisen und dies zu testen. Wenn Sie Interesse &hellip; <a href=\"http:\/\/www.m-d-s.de\/testberichte\/ihre-produkte\">Weiterlesen <span class=\"meta-nav\">&rarr;<\/span><\/a><\/p>\n","protected":false},"author":1,"featured_media":0,"parent":0,"menu_order":0,"comment_status":"closed","ping_status":"closed","template":"","meta":{"footnotes":""},"class_list":["post-44","page","type-page","status-publish","hentry"],"aioseo_notices":[],"_links":{"self":[{"href":"http:\/\/www.m-d-s.de\/testberichte\/wp-json\/wp\/v2\/pages\/44","targetHints":{"allow":["GET"]}}],"collection":[{"href":"http:\/\/www.m-d-s.de\/testberichte\/wp-json\/wp\/v2\/pages"}],"about":[{"href":"http:\/\/www.m-d-s.de\/testberichte\/wp-json\/wp\/v2\/types\/page"}],"author":[{"embeddable":true,"href":"http:\/\/www.m-d-s.de\/testberichte\/wp-json\/wp\/v2\/users\/1"}],"replies":[{"embeddable":true,"href":"http:\/\/www.m-d-s.de\/testberichte\/wp-json\/wp\/v2\/comments?post=44"}],"version-history":[{"count":2,"href":"http:\/\/www.m-d-s.de\/testberichte\/wp-json\/wp\/v2\/pages\/44\/revisions"}],"predecessor-version":[{"id":46,"href":"http:\/\/www.m-d-s.de\/testberichte\/wp-json\/wp\/v2\/pages\/44\/revisions\/46"}],"wp:attachment":[{"href":"http:\/\/www.m-d-s.de\/testberichte\/wp-json\/wp\/v2\/media?parent=44"}],"curies":[{"name":"wp","href":"https:\/\/api.w.org\/{rel}","templated":true}]}}