{"id":47,"date":"2010-10-11T08:58:17","date_gmt":"2010-10-11T08:58:17","guid":{"rendered":"http:\/\/www.m-d-s.de\/testberichte\/"},"modified":"2010-10-11T08:58:17","modified_gmt":"2010-10-11T08:58:17","slug":"kontakt","status":"publish","type":"page","link":"http:\/\/www.m-d-s.de\/testberichte\/kontakt","title":{"rendered":"Kontakt"},"content":{"rendered":"<p>Sie m\u00f6chten Ihre Marke, Firma, Shop usw. auf unseren Blog oder haben eine sch\u00f6ne Idee gefunden \u00fcber die wir schreiben sollen, dann nehmen Sie einfach mit uns Kontakt auf:<\/p>\n<p>per Email unter: testberichte-blog(at)m-d-s.de<br \/>\nper Telefon: 06033 &#8211; 92 16 28<\/p>\n<p>Wir freuen uns \u00fcber Ihren Kontakt und Ideen.<\/p>\n","protected":false},"excerpt":{"rendered":"<p>Sie m\u00f6chten Ihre Marke, Firma, Shop usw. auf unseren Blog oder haben eine sch\u00f6ne Idee gefunden \u00fcber die wir schreiben sollen, dann nehmen Sie einfach mit uns Kontakt auf: per Email unter: testberichte-blog(at)m-d-s.de per Telefon: 06033 &#8211; 92 16 28 &hellip; <a href=\"http:\/\/www.m-d-s.de\/testberichte\/kontakt\">Weiterlesen <span class=\"meta-nav\">&rarr;<\/span><\/a><\/p>\n","protected":false},"author":1,"featured_media":0,"parent":0,"menu_order":0,"comment_status":"closed","ping_status":"closed","template":"","meta":{"footnotes":""},"class_list":["post-47","page","type-page","status-publish","hentry"],"aioseo_notices":[],"_links":{"self":[{"href":"http:\/\/www.m-d-s.de\/testberichte\/wp-json\/wp\/v2\/pages\/47","targetHints":{"allow":["GET"]}}],"collection":[{"href":"http:\/\/www.m-d-s.de\/testberichte\/wp-json\/wp\/v2\/pages"}],"about":[{"href":"http:\/\/www.m-d-s.de\/testberichte\/wp-json\/wp\/v2\/types\/page"}],"author":[{"embeddable":true,"href":"http:\/\/www.m-d-s.de\/testberichte\/wp-json\/wp\/v2\/users\/1"}],"replies":[{"embeddable":true,"href":"http:\/\/www.m-d-s.de\/testberichte\/wp-json\/wp\/v2\/comments?post=47"}],"version-history":[{"count":1,"href":"http:\/\/www.m-d-s.de\/testberichte\/wp-json\/wp\/v2\/pages\/47\/revisions"}],"predecessor-version":[{"id":48,"href":"http:\/\/www.m-d-s.de\/testberichte\/wp-json\/wp\/v2\/pages\/47\/revisions\/48"}],"wp:attachment":[{"href":"http:\/\/www.m-d-s.de\/testberichte\/wp-json\/wp\/v2\/media?parent=47"}],"curies":[{"name":"wp","href":"https:\/\/api.w.org\/{rel}","templated":true}]}}